{"id":11420,"date":"2019-01-21T12:50:29","date_gmt":"2019-01-21T17:50:29","guid":{"rendered":"http:\/\/pplm.mystagingwebsite.com\/?page_id=11420"},"modified":"2019-03-21T11:05:38","modified_gmt":"2019-03-21T16:05:38","slug":"medias","status":"publish","type":"page","link":"https:\/\/filmpttw.com\/fr\/medias\/","title":{"rendered":"M\u00e9dias"},"content":{"rendered":"<p>[vc_row section_type=\u00a0\u00bbfullwidth\u00a0\u00bb header_feature=\u00a0\u00bbyes\u00a0\u00bb padding_top=\u00a0\u00bb60&Prime; padding_bottom=\u00a0\u00bb60&Prime; margin_bottom=\u00a0\u00bb0&Prime; section_id=\u00a0\u00bbequipe-admin\u00a0\u00bb][vc_column]\t\t<div class=\"grve-element grve-style-1 grve-blog grve-blog-columns grve-blog-masonry grve-isotope grve-with-gap grve-with-shadow\" style=\"\" data-columns=\"4\" data-columns-tablet-landscape=\"3\" data-columns-tablet-portrait=\"2\" data-columns-mobile=\"1\" data-layout=\"masonry\" data-spinner=\"no\" data-gutter-size=\"40\">\r\n\t\t\t\t<div class=\"grve-filter grve-link-text grve-list-divider grve-align-center\">\r\n\t\t\t\t\t<ul>\r\n\t\t\t\t\t\t<li data-filter=\"*\" class=\"selected\"><span>Tous<\/span><\/li><li data-filter=\".category-bandes-annonces\"><span>Bandes annonces<\/span><\/li><li data-filter=\".category-medias\"><span>M\u00e9dias<\/span><\/li>\t\t\t\t\t<\/ul>\r\n\t\t\t\t<\/div>\r\n\t\t\t\t\t<div class=\"grve-isotope-container\">\r\n\t\t\t<article id=\"post-12129\" class=\"grve-blog-item grve-isotope-item post-12129 post type-post status-publish format-video has-post-thumbnail hentry category-bandes-annonces category-medias post_format-post-format-video\" itemscope itemType=\"http:\/\/schema.org\/BlogPosting\">\r\n\t\t\t\t<div class=\"grve-isotope-item-inner grve-zoomIn\">\r\n\t\t\t\t\t\t\t\t\t\t\t<div class=\"grve-media\"><iframe src=\"https:\/\/player.vimeo.com\/video\/279927680?app_id=122963\" width=\"1080\" height=\"452\" frameborder=\"0\" title=\"Passeport pour le Monde 2018-2019\" allow=\"autoplay; fullscreen\" allowfullscreen><\/iframe><\/div>\t\t\t\t\t\t<div class=\"grve-post-content\">\r\n\t\t\t\t\t\t\t\t\t\t\t\t\t\t<ul class=\"grve-post-meta grve-small-text grve-list-divider\">\r\n\t\t\t\t\t\t\t\t\t\t<li class=\"grve-post-date\">\r\n\t\t\t<time class=\"grve-post-date\" datetime=\"2019-02-15T20:21:48-05:00\">\r\n\t\t\t\t15 f\u00e9vrier 2019\t\t\t<\/time>\r\n\t\t<\/li>\r\n\t\t<li class=\"grve-like-counter \"><i class=\"fa fa-heart-o\"><\/i><span>0<\/span><\/li>\r\n\t\t\t\t\t\t\t<\/ul>\r\n\t\t\t\t\t\t\t\t\t\t\t\t\t\t<a href=\"https:\/\/filmpttw.com\/fr\/bande-annonce-pour-la-saison-2018-2019\/\" rel=\"bookmark\"><h2 class=\"grve-post-title grve-text-hover-primary-1 grve-leader-text\" itemprop=\"name headline\">Bande annonce pour la saison 2018-2019<\/h2><\/a>\t\t\t\t\t\t\t\t\t<span class=\"grve-hidden\">\r\n\t\t\t<span class=\"grve-structured-data entry-title\">Bande annonce pour la saison 2018-2019<\/span>\r\n\t\t\t<span class=\"grve-structured-data\" itemprop=\"image\" itemscope itemtype=\"http:\/\/schema.org\/ImageObject\">\r\n\t\t\t   <span itemprop='url' >https:\/\/filmpttw.com\/wp-content\/uploads\/2019\/01\/bg-header-a-propos-1-1024x597.jpg<\/span>\r\n\t\t\t   <span itemprop='height' >1024<\/span>\r\n\t\t\t   <span itemprop='width' >597<\/span>\r\n\t\t\t<\/span>\r\n\t\t\t\t\t\t<span class=\"grve-structured-data vcard author\" itemprop=\"author\" itemscope itemtype=\"http:\/\/schema.org\/Person\">\r\n\t\t\t\t<span itemprop=\"name\" class=\"fn\">Passeport pour le Monde<\/span>\r\n\t\t\t<\/span>\r\n\t\t\t<span class=\"grve-structured-data\" itemprop=\"publisher\" itemscope itemtype=\"http:\/\/schema.org\/Organization\">\r\n\t\t\t\t<span itemprop='name'>Passeport pour le Monde<\/span>\r\n\t\t\t\t<span itemprop='logo' itemscope itemtype='http:\/\/schema.org\/ImageObject'>\r\n\t\t\t\t\t<span itemprop='url'>https:\/\/filmpttw.com\/wp-content\/uploads\/2019\/01\/bg-header-a-propos-1-1024x597.jpg<\/span>\r\n\t\t\t\t<\/span>\r\n\t\t\t<\/span>\r\n\t\t\t\t\t\t<time class=\"grve-structured-data date published\" itemprop=\"datePublished\" datetime=\"2019-02-15T20:21:48-05:00\">15 f\u00e9vrier 2019<\/time>\r\n\t\t\t<time class=\"grve-structured-data date updated\" itemprop=\"dateModified\"  datetime=\"2019-03-28T22:41:45-05:00\">28 mars 2019<\/time>\r\n\t\t\t<span class=\"grve-structured-data\" itemprop=\"mainEntityOfPage\" itemscope itemtype=\"http:\/\/schema.org\/WebPage\" itemid=\"https:\/\/filmpttw.com\/fr\/bande-annonce-pour-la-saison-2018-2019\/\"><\/span>\r\n\t\t<\/span><!-- END grve-hidden -->\r\n\t\t\t\t\t\t\t\t<div itemprop=\"articleBody\"><p>[vc_row][vc_column][vc_column_text]Notre bande annonce pour la nouvelle saison 2018-2019 est maintenant en ligne. Regardez, appr\u00e9ciez et partagez ![\/vc_column_text][\/vc_column][\/vc_row]<\/p><a class=\"grve-read-more grve-link-text\" href=\"https:\/\/filmpttw.com\/fr\/bande-annonce-pour-la-saison-2018-2019\/\"><span>Lire la suite<\/span><\/a><\/div>\t\t\t\t\t\t\t\t\t\t\t\t\t<\/div>\r\n\t\t\t\t\t\r\n\t\t\t\t<\/div>\t\t\t<\/article>\r\n\r\n\t\t\t<article id=\"post-11444\" class=\"grve-blog-item grve-isotope-item post-11444 post type-post status-publish format-video has-post-thumbnail hentry category-bandes-annonces category-medias post_format-post-format-video\" itemscope itemType=\"http:\/\/schema.org\/BlogPosting\">\r\n\t\t\t\t<div class=\"grve-isotope-item-inner grve-zoomIn\">\r\n\t\t\t\t\t\t\t\t\t\t\t<div class=\"grve-media\"><iframe width=\"1080\" height=\"608\" src=\"https:\/\/www.youtube.com\/embed\/sQDxnSaQQBI?feature=oembed\" frameborder=\"0\" allow=\"accelerometer; autoplay; encrypted-media; gyroscope; picture-in-picture\" allowfullscreen><\/iframe><\/div>\t\t\t\t\t\t<div class=\"grve-post-content\">\r\n\t\t\t\t\t\t\t\t\t\t\t\t\t\t<ul class=\"grve-post-meta grve-small-text grve-list-divider\">\r\n\t\t\t\t\t\t\t\t\t\t<li class=\"grve-post-date\">\r\n\t\t\t<time class=\"grve-post-date\" datetime=\"2019-01-22T09:12:33-05:00\">\r\n\t\t\t\t22 janvier 2019\t\t\t<\/time>\r\n\t\t<\/li>\r\n\t\t<li class=\"grve-like-counter \"><i class=\"fa fa-heart-o\"><\/i><span>0<\/span><\/li>\r\n\t\t\t\t\t\t\t<\/ul>\r\n\t\t\t\t\t\t\t\t\t\t\t\t\t\t<a href=\"https:\/\/filmpttw.com\/fr\/bande-annonce-pour-la-saison-2017-2018\/\" rel=\"bookmark\"><h2 class=\"grve-post-title grve-text-hover-primary-1 grve-leader-text\" itemprop=\"name headline\">Bande annonce pour la saison 2017-2018<\/h2><\/a>\t\t\t\t\t\t\t\t\t<span class=\"grve-hidden\">\r\n\t\t\t<span class=\"grve-structured-data entry-title\">Bande annonce pour la saison 2017-2018<\/span>\r\n\t\t\t<span class=\"grve-structured-data\" itemprop=\"image\" itemscope itemtype=\"http:\/\/schema.org\/ImageObject\">\r\n\t\t\t   <span itemprop='url' >https:\/\/filmpttw.com\/wp-content\/uploads\/2019\/01\/bg-header-a-propos-1-1024x597.jpg<\/span>\r\n\t\t\t   <span itemprop='height' >1024<\/span>\r\n\t\t\t   <span itemprop='width' >597<\/span>\r\n\t\t\t<\/span>\r\n\t\t\t\t\t\t<span class=\"grve-structured-data vcard author\" itemprop=\"author\" itemscope itemtype=\"http:\/\/schema.org\/Person\">\r\n\t\t\t\t<span itemprop=\"name\" class=\"fn\">Passeport pour le Monde<\/span>\r\n\t\t\t<\/span>\r\n\t\t\t<span class=\"grve-structured-data\" itemprop=\"publisher\" itemscope itemtype=\"http:\/\/schema.org\/Organization\">\r\n\t\t\t\t<span itemprop='name'>Passeport pour le Monde<\/span>\r\n\t\t\t\t<span itemprop='logo' itemscope itemtype='http:\/\/schema.org\/ImageObject'>\r\n\t\t\t\t\t<span itemprop='url'>https:\/\/filmpttw.com\/wp-content\/uploads\/2019\/01\/bg-header-a-propos-1-1024x597.jpg<\/span>\r\n\t\t\t\t<\/span>\r\n\t\t\t<\/span>\r\n\t\t\t\t\t\t<time class=\"grve-structured-data date published\" itemprop=\"datePublished\" datetime=\"2019-01-22T09:12:33-05:00\">22 janvier 2019<\/time>\r\n\t\t\t<time class=\"grve-structured-data date updated\" itemprop=\"dateModified\"  datetime=\"2019-03-28T22:41:51-05:00\">28 mars 2019<\/time>\r\n\t\t\t<span class=\"grve-structured-data\" itemprop=\"mainEntityOfPage\" itemscope itemtype=\"http:\/\/schema.org\/WebPage\" itemid=\"https:\/\/filmpttw.com\/fr\/bande-annonce-pour-la-saison-2017-2018\/\"><\/span>\r\n\t\t<\/span><!-- END grve-hidden -->\r\n\t\t\t\t\t\t\t\t<div itemprop=\"articleBody\"><p>[vc_row][vc_column][vc_column_text]Notre bande annonce pour la nouvelle saison 2017-2018 est maintenant en ligne. Regardez, appr\u00e9ciez et partagez ![\/vc_column_text][\/vc_column][\/vc_row]<\/p><a class=\"grve-read-more grve-link-text\" href=\"https:\/\/filmpttw.com\/fr\/bande-annonce-pour-la-saison-2017-2018\/\"><span>Lire la suite<\/span><\/a><\/div>\t\t\t\t\t\t\t\t\t\t\t\t\t<\/div>\r\n\t\t\t\t\t\r\n\t\t\t\t<\/div>\t\t\t<\/article>\r\n\r\n\t\t\t<article id=\"post-11724\" class=\"grve-blog-item grve-isotope-item post-11724 post type-post status-publish format-standard has-post-thumbnail hentry category-medias\" itemscope itemType=\"http:\/\/schema.org\/BlogPosting\">\r\n\t\t\t\t<div class=\"grve-isotope-item-inner grve-zoomIn\">\r\n\t\t\t\t\t\t\t\t\t\t\t\t\t<div class=\"grve-media grve-image-hover\">\r\n\t\t\t<a href=\"https:\/\/filmpttw.com\/fr\/notre-equipe-au-yukon\/\"><img width=\"1024\" height=\"683\" src=\"https:\/\/filmpttw.com\/wp-content\/uploads\/2017\/09\/IMG_3117-1024x683.jpg\" class=\"attachment-large size-large wp-post-image\" alt=\"Passeport pour le monde | Passport to the world\" loading=\"lazy\" srcset=\"https:\/\/filmpttw.com\/wp-content\/uploads\/2017\/09\/IMG_3117-1024x683.jpg 1024w, https:\/\/filmpttw.com\/wp-content\/uploads\/2017\/09\/IMG_3117-300x200.jpg 300w, https:\/\/filmpttw.com\/wp-content\/uploads\/2017\/09\/IMG_3117-768x512.jpg 768w, https:\/\/filmpttw.com\/wp-content\/uploads\/2017\/09\/IMG_3117-375x250.jpg 375w\" sizes=\"(max-width: 1024px) 100vw, 1024px\" \/><\/a>\r\n\t\t<\/div>\r\n\t\t\t\t\t\t<div class=\"grve-post-content\">\r\n\t\t\t\t\t\t\t\t\t\t\t\t\t\t<ul class=\"grve-post-meta grve-small-text grve-list-divider\">\r\n\t\t\t\t\t\t\t\t\t\t<li class=\"grve-post-date\">\r\n\t\t\t<time class=\"grve-post-date\" datetime=\"2019-01-22T07:52:00-05:00\">\r\n\t\t\t\t22 janvier 2019\t\t\t<\/time>\r\n\t\t<\/li>\r\n\t\t<li class=\"grve-like-counter \"><i class=\"fa fa-heart-o\"><\/i><span>0<\/span><\/li>\r\n\t\t\t\t\t\t\t<\/ul>\r\n\t\t\t\t\t\t\t\t\t\t\t\t\t\t<a href=\"https:\/\/filmpttw.com\/fr\/notre-equipe-au-yukon\/\" rel=\"bookmark\"><h2 class=\"grve-post-title grve-text-hover-primary-1 grve-leader-text\" itemprop=\"name headline\">Notre \u00e9quipe au Yukon<\/h2><\/a>\t\t\t\t\t\t\t\t\t<span class=\"grve-hidden\">\r\n\t\t\t<span class=\"grve-structured-data entry-title\">Notre \u00e9quipe au Yukon<\/span>\r\n\t\t\t<span class=\"grve-structured-data\" itemprop=\"image\" itemscope itemtype=\"http:\/\/schema.org\/ImageObject\">\r\n\t\t\t   <span itemprop='url' >https:\/\/filmpttw.com\/wp-content\/uploads\/2017\/09\/IMG_3117-1024x683.jpg<\/span>\r\n\t\t\t   <span itemprop='height' >1024<\/span>\r\n\t\t\t   <span itemprop='width' >683<\/span>\r\n\t\t\t<\/span>\r\n\t\t\t\t\t\t<span class=\"grve-structured-data vcard author\" itemprop=\"author\" itemscope itemtype=\"http:\/\/schema.org\/Person\">\r\n\t\t\t\t<span itemprop=\"name\" class=\"fn\">Passeport pour le Monde<\/span>\r\n\t\t\t<\/span>\r\n\t\t\t<span class=\"grve-structured-data\" itemprop=\"publisher\" itemscope itemtype=\"http:\/\/schema.org\/Organization\">\r\n\t\t\t\t<span itemprop='name'>Passeport pour le Monde<\/span>\r\n\t\t\t\t<span itemprop='logo' itemscope itemtype='http:\/\/schema.org\/ImageObject'>\r\n\t\t\t\t\t<span itemprop='url'>https:\/\/filmpttw.com\/wp-content\/uploads\/2017\/09\/IMG_3117-1024x683.jpg<\/span>\r\n\t\t\t\t<\/span>\r\n\t\t\t<\/span>\r\n\t\t\t\t\t\t<time class=\"grve-structured-data date published\" itemprop=\"datePublished\" datetime=\"2019-01-22T07:52:00-05:00\">22 janvier 2019<\/time>\r\n\t\t\t<time class=\"grve-structured-data date updated\" itemprop=\"dateModified\"  datetime=\"2019-03-28T22:41:56-05:00\">28 mars 2019<\/time>\r\n\t\t\t<span class=\"grve-structured-data\" itemprop=\"mainEntityOfPage\" itemscope itemtype=\"http:\/\/schema.org\/WebPage\" itemid=\"https:\/\/filmpttw.com\/fr\/notre-equipe-au-yukon\/\"><\/span>\r\n\t\t<\/span><!-- END grve-hidden -->\r\n\t\t\t\t\t\t\t\t<div itemprop=\"articleBody\"><p>[vc_row][vc_column][vc_column_text]Une de nos \u00e9quipes de tournage est pr\u00e9sentement au Yukon afin de capter les images qui vous seront pr\u00e9sent\u00e9es en\u2026<\/p><a class=\"grve-read-more grve-link-text\" href=\"https:\/\/filmpttw.com\/fr\/notre-equipe-au-yukon\/\"><span>Lire la suite<\/span><\/a><\/div>\t\t\t\t\t\t\t\t\t\t\t\t\t<\/div>\r\n\t\t\t\t\t\r\n\t\t\t\t<\/div>\t\t\t<\/article>\r\n\r\n\t\t\t<article id=\"post-11440\" class=\"grve-blog-item grve-isotope-item post-11440 post type-post status-publish format-standard has-post-thumbnail hentry category-medias\" itemscope itemType=\"http:\/\/schema.org\/BlogPosting\">\r\n\t\t\t\t<div class=\"grve-isotope-item-inner grve-zoomIn\">\r\n\t\t\t\t\t\t\t\t\t\t\t\t\t<div class=\"grve-media grve-image-hover\">\r\n\t\t\t<a href=\"https:\/\/filmpttw.com\/fr\/nos-equipes-en-action\/\"><img width=\"720\" height=\"569\" src=\"https:\/\/filmpttw.com\/wp-content\/uploads\/2019\/01\/equipe-action.jpg\" class=\"attachment-large size-large wp-post-image\" alt=\"\" loading=\"lazy\" srcset=\"https:\/\/filmpttw.com\/wp-content\/uploads\/2019\/01\/equipe-action.jpg 720w, https:\/\/filmpttw.com\/wp-content\/uploads\/2019\/01\/equipe-action-300x237.jpg 300w\" sizes=\"(max-width: 720px) 100vw, 720px\" \/><\/a>\r\n\t\t<\/div>\r\n\t\t\t\t\t\t<div class=\"grve-post-content\">\r\n\t\t\t\t\t\t\t\t\t\t\t\t\t\t<ul class=\"grve-post-meta grve-small-text grve-list-divider\">\r\n\t\t\t\t\t\t\t\t\t\t<li class=\"grve-post-date\">\r\n\t\t\t<time class=\"grve-post-date\" datetime=\"2019-01-21T13:01:21-05:00\">\r\n\t\t\t\t21 janvier 2019\t\t\t<\/time>\r\n\t\t<\/li>\r\n\t\t<li class=\"grve-like-counter \"><i class=\"fa fa-heart-o\"><\/i><span>0<\/span><\/li>\r\n\t\t\t\t\t\t\t<\/ul>\r\n\t\t\t\t\t\t\t\t\t\t\t\t\t\t<a href=\"https:\/\/filmpttw.com\/fr\/nos-equipes-en-action\/\" rel=\"bookmark\"><h2 class=\"grve-post-title grve-text-hover-primary-1 grve-leader-text\" itemprop=\"name headline\">Nos \u00e9quipes en action!<\/h2><\/a>\t\t\t\t\t\t\t\t\t<span class=\"grve-hidden\">\r\n\t\t\t<span class=\"grve-structured-data entry-title\">Nos \u00e9quipes en action!<\/span>\r\n\t\t\t<span class=\"grve-structured-data\" itemprop=\"image\" itemscope itemtype=\"http:\/\/schema.org\/ImageObject\">\r\n\t\t\t   <span itemprop='url' >https:\/\/filmpttw.com\/wp-content\/uploads\/2019\/01\/equipe-action.jpg<\/span>\r\n\t\t\t   <span itemprop='height' >720<\/span>\r\n\t\t\t   <span itemprop='width' >569<\/span>\r\n\t\t\t<\/span>\r\n\t\t\t\t\t\t<span class=\"grve-structured-data vcard author\" itemprop=\"author\" itemscope itemtype=\"http:\/\/schema.org\/Person\">\r\n\t\t\t\t<span itemprop=\"name\" class=\"fn\">Passeport pour le Monde<\/span>\r\n\t\t\t<\/span>\r\n\t\t\t<span class=\"grve-structured-data\" itemprop=\"publisher\" itemscope itemtype=\"http:\/\/schema.org\/Organization\">\r\n\t\t\t\t<span itemprop='name'>Passeport pour le Monde<\/span>\r\n\t\t\t\t<span itemprop='logo' itemscope itemtype='http:\/\/schema.org\/ImageObject'>\r\n\t\t\t\t\t<span itemprop='url'>https:\/\/filmpttw.com\/wp-content\/uploads\/2019\/01\/equipe-action.jpg<\/span>\r\n\t\t\t\t<\/span>\r\n\t\t\t<\/span>\r\n\t\t\t\t\t\t<time class=\"grve-structured-data date published\" itemprop=\"datePublished\" datetime=\"2019-01-21T13:01:21-05:00\">21 janvier 2019<\/time>\r\n\t\t\t<time class=\"grve-structured-data date updated\" itemprop=\"dateModified\"  datetime=\"2019-03-28T22:42:01-05:00\">28 mars 2019<\/time>\r\n\t\t\t<span class=\"grve-structured-data\" itemprop=\"mainEntityOfPage\" itemscope itemtype=\"http:\/\/schema.org\/WebPage\" itemid=\"https:\/\/filmpttw.com\/fr\/nos-equipes-en-action\/\"><\/span>\r\n\t\t<\/span><!-- END grve-hidden -->\r\n\t\t\t\t\t\t\t\t<div itemprop=\"articleBody\"><p>[vc_row][vc_column][vc_column_text]Des \u00e9quipes de tournage se sont r\u00e9cemment d\u00e9plac\u00e9es \u00e0 Puerto Rico et en Loire (France) pour tourner les images de\u2026<\/p><a class=\"grve-read-more grve-link-text\" href=\"https:\/\/filmpttw.com\/fr\/nos-equipes-en-action\/\"><span>Lire la suite<\/span><\/a><\/div>\t\t\t\t\t\t\t\t\t\t\t\t\t<\/div>\r\n\t\t\t\t\t\r\n\t\t\t\t<\/div>\t\t\t<\/article>\r\n\r\n\t\t\t<article id=\"post-11450\" class=\"grve-blog-item grve-isotope-item post-11450 post type-post status-publish format-standard has-post-thumbnail hentry category-medias\" itemscope itemType=\"http:\/\/schema.org\/BlogPosting\">\r\n\t\t\t\t<div class=\"grve-isotope-item-inner grve-zoomIn\">\r\n\t\t\t\t\t\t\t\t\t\t\t\t\t<div class=\"grve-media grve-image-hover\">\r\n\t\t\t<a href=\"https:\/\/filmpttw.com\/fr\/ne-soyez-pas-victimes-de-surreservation\/\"><img width=\"1024\" height=\"683\" src=\"https:\/\/filmpttw.com\/wp-content\/uploads\/2019\/01\/reservation-article-1024x683.jpg\" class=\"attachment-large size-large wp-post-image\" alt=\"\" loading=\"lazy\" srcset=\"https:\/\/filmpttw.com\/wp-content\/uploads\/2019\/01\/reservation-article-1024x683.jpg 1024w, https:\/\/filmpttw.com\/wp-content\/uploads\/2019\/01\/reservation-article-300x200.jpg 300w, https:\/\/filmpttw.com\/wp-content\/uploads\/2019\/01\/reservation-article-768x512.jpg 768w, https:\/\/filmpttw.com\/wp-content\/uploads\/2019\/01\/reservation-article.jpg 1500w\" sizes=\"(max-width: 1024px) 100vw, 1024px\" \/><\/a>\r\n\t\t<\/div>\r\n\t\t\t\t\t\t<div class=\"grve-post-content\">\r\n\t\t\t\t\t\t\t\t\t\t\t\t\t\t<ul class=\"grve-post-meta grve-small-text grve-list-divider\">\r\n\t\t\t\t\t\t\t\t\t\t<li class=\"grve-post-date\">\r\n\t\t\t<time class=\"grve-post-date\" datetime=\"2019-01-18T13:21:04-05:00\">\r\n\t\t\t\t18 janvier 2019\t\t\t<\/time>\r\n\t\t<\/li>\r\n\t\t<li class=\"grve-like-counter \"><i class=\"fa fa-heart-o\"><\/i><span>0<\/span><\/li>\r\n\t\t\t\t\t\t\t<\/ul>\r\n\t\t\t\t\t\t\t\t\t\t\t\t\t\t<a href=\"https:\/\/filmpttw.com\/fr\/ne-soyez-pas-victimes-de-surreservation\/\" rel=\"bookmark\"><h2 class=\"grve-post-title grve-text-hover-primary-1 grve-leader-text\" itemprop=\"name headline\">Ne soyez pas victimes de surr\u00e9servation!<\/h2><\/a>\t\t\t\t\t\t\t\t\t<span class=\"grve-hidden\">\r\n\t\t\t<span class=\"grve-structured-data entry-title\">Ne soyez pas victimes de surr\u00e9servation!<\/span>\r\n\t\t\t<span class=\"grve-structured-data\" itemprop=\"image\" itemscope itemtype=\"http:\/\/schema.org\/ImageObject\">\r\n\t\t\t   <span itemprop='url' >https:\/\/filmpttw.com\/wp-content\/uploads\/2019\/01\/reservation-article-1024x683.jpg<\/span>\r\n\t\t\t   <span itemprop='height' >1024<\/span>\r\n\t\t\t   <span itemprop='width' >683<\/span>\r\n\t\t\t<\/span>\r\n\t\t\t\t\t\t<span class=\"grve-structured-data vcard author\" itemprop=\"author\" itemscope itemtype=\"http:\/\/schema.org\/Person\">\r\n\t\t\t\t<span itemprop=\"name\" class=\"fn\">Passeport pour le Monde<\/span>\r\n\t\t\t<\/span>\r\n\t\t\t<span class=\"grve-structured-data\" itemprop=\"publisher\" itemscope itemtype=\"http:\/\/schema.org\/Organization\">\r\n\t\t\t\t<span itemprop='name'>Passeport pour le Monde<\/span>\r\n\t\t\t\t<span itemprop='logo' itemscope itemtype='http:\/\/schema.org\/ImageObject'>\r\n\t\t\t\t\t<span itemprop='url'>https:\/\/filmpttw.com\/wp-content\/uploads\/2019\/01\/reservation-article-1024x683.jpg<\/span>\r\n\t\t\t\t<\/span>\r\n\t\t\t<\/span>\r\n\t\t\t\t\t\t<time class=\"grve-structured-data date published\" itemprop=\"datePublished\" datetime=\"2019-01-18T13:21:04-05:00\">18 janvier 2019<\/time>\r\n\t\t\t<time class=\"grve-structured-data date updated\" itemprop=\"dateModified\"  datetime=\"2019-03-28T22:42:07-05:00\">28 mars 2019<\/time>\r\n\t\t\t<span class=\"grve-structured-data\" itemprop=\"mainEntityOfPage\" itemscope itemtype=\"http:\/\/schema.org\/WebPage\" itemid=\"https:\/\/filmpttw.com\/fr\/ne-soyez-pas-victimes-de-surreservation\/\"><\/span>\r\n\t\t<\/span><!-- END grve-hidden -->\r\n\t\t\t\t\t\t\t\t<div itemprop=\"articleBody\"><p>[vc_row][vc_column][vc_column_text]Nous avons tous en m\u00e9moire ce cas r\u00e9cent o\u00f9 un passager de United s\u2019est fait sortir de fa\u00e7on brusque d\u2019un\u2026<\/p><a class=\"grve-read-more grve-link-text\" href=\"https:\/\/filmpttw.com\/fr\/ne-soyez-pas-victimes-de-surreservation\/\"><span>Lire la suite<\/span><\/a><\/div>\t\t\t\t\t\t\t\t\t\t\t\t\t<\/div>\r\n\t\t\t\t\t\r\n\t\t\t\t<\/div>\t\t\t<\/article>\r\n\r\n\t\t\t<article id=\"post-11447\" class=\"grve-blog-item grve-isotope-item post-11447 post type-post status-publish format-standard has-post-thumbnail hentry category-medias\" itemscope itemType=\"http:\/\/schema.org\/BlogPosting\">\r\n\t\t\t\t<div class=\"grve-isotope-item-inner grve-zoomIn\">\r\n\t\t\t\t\t\t\t\t\t\t\t\t\t<div class=\"grve-media grve-image-hover\">\r\n\t\t\t<a href=\"https:\/\/filmpttw.com\/fr\/passeport-pour-le-monde-gonfle-ses-rangs\/\"><img width=\"600\" height=\"753\" src=\"https:\/\/filmpttw.com\/wp-content\/uploads\/2017\/07\/FMG.jpg\" class=\"attachment-large size-large wp-post-image\" alt=\"Passeport pour le monde | Passport to the world\" loading=\"lazy\" srcset=\"https:\/\/filmpttw.com\/wp-content\/uploads\/2017\/07\/FMG.jpg 600w, https:\/\/filmpttw.com\/wp-content\/uploads\/2017\/07\/FMG-239x300.jpg 239w\" sizes=\"(max-width: 600px) 100vw, 600px\" \/><\/a>\r\n\t\t<\/div>\r\n\t\t\t\t\t\t<div class=\"grve-post-content\">\r\n\t\t\t\t\t\t\t\t\t\t\t\t\t\t<ul class=\"grve-post-meta grve-small-text grve-list-divider\">\r\n\t\t\t\t\t\t\t\t\t\t<li class=\"grve-post-date\">\r\n\t\t\t<time class=\"grve-post-date\" datetime=\"2019-01-08T13:17:03-05:00\">\r\n\t\t\t\t8 janvier 2019\t\t\t<\/time>\r\n\t\t<\/li>\r\n\t\t<li class=\"grve-like-counter \"><i class=\"fa fa-heart-o\"><\/i><span>0<\/span><\/li>\r\n\t\t\t\t\t\t\t<\/ul>\r\n\t\t\t\t\t\t\t\t\t\t\t\t\t\t<a href=\"https:\/\/filmpttw.com\/fr\/passeport-pour-le-monde-gonfle-ses-rangs\/\" rel=\"bookmark\"><h2 class=\"grve-post-title grve-text-hover-primary-1 grve-leader-text\" itemprop=\"name headline\">Passeport pour le Monde gonfle ses rangs<\/h2><\/a>\t\t\t\t\t\t\t\t\t<span class=\"grve-hidden\">\r\n\t\t\t<span class=\"grve-structured-data entry-title\">Passeport pour le Monde gonfle ses rangs<\/span>\r\n\t\t\t<span class=\"grve-structured-data\" itemprop=\"image\" itemscope itemtype=\"http:\/\/schema.org\/ImageObject\">\r\n\t\t\t   <span itemprop='url' >https:\/\/filmpttw.com\/wp-content\/uploads\/2017\/07\/FMG.jpg<\/span>\r\n\t\t\t   <span itemprop='height' >600<\/span>\r\n\t\t\t   <span itemprop='width' >753<\/span>\r\n\t\t\t<\/span>\r\n\t\t\t\t\t\t<span class=\"grve-structured-data vcard author\" itemprop=\"author\" itemscope itemtype=\"http:\/\/schema.org\/Person\">\r\n\t\t\t\t<span itemprop=\"name\" class=\"fn\">Passeport pour le Monde<\/span>\r\n\t\t\t<\/span>\r\n\t\t\t<span class=\"grve-structured-data\" itemprop=\"publisher\" itemscope itemtype=\"http:\/\/schema.org\/Organization\">\r\n\t\t\t\t<span itemprop='name'>Passeport pour le Monde<\/span>\r\n\t\t\t\t<span itemprop='logo' itemscope itemtype='http:\/\/schema.org\/ImageObject'>\r\n\t\t\t\t\t<span itemprop='url'>https:\/\/filmpttw.com\/wp-content\/uploads\/2017\/07\/FMG.jpg<\/span>\r\n\t\t\t\t<\/span>\r\n\t\t\t<\/span>\r\n\t\t\t\t\t\t<time class=\"grve-structured-data date published\" itemprop=\"datePublished\" datetime=\"2019-01-08T13:17:03-05:00\">8 janvier 2019<\/time>\r\n\t\t\t<time class=\"grve-structured-data date updated\" itemprop=\"dateModified\"  datetime=\"2019-03-28T22:42:12-05:00\">28 mars 2019<\/time>\r\n\t\t\t<span class=\"grve-structured-data\" itemprop=\"mainEntityOfPage\" itemscope itemtype=\"http:\/\/schema.org\/WebPage\" itemid=\"https:\/\/filmpttw.com\/fr\/passeport-pour-le-monde-gonfle-ses-rangs\/\"><\/span>\r\n\t\t<\/span><!-- END grve-hidden -->\r\n\t\t\t\t\t\t\t\t<div itemprop=\"articleBody\"><p>[vc_row][vc_column][vc_column_text]Passeport pour le Monde est fier de s\u2019associer \u00e0 l\u2019\u00e9quipe de promotion et marketing du Festival de montgolfi\u00e8res de Gatineau\u2026<\/p><a class=\"grve-read-more grve-link-text\" href=\"https:\/\/filmpttw.com\/fr\/passeport-pour-le-monde-gonfle-ses-rangs\/\"><span>Lire la suite<\/span><\/a><\/div>\t\t\t\t\t\t\t\t\t\t\t\t\t<\/div>\r\n\t\t\t\t\t\r\n\t\t\t\t<\/div>\t\t\t<\/article>\r\n\r\n\t\t\t<\/div>\r\n\t\t<\/div>\r\n[\/vc_column][\/vc_row][vc_row heading_color=\u00a0\u00bbdark\u00a0\u00bb bg_type=\u00a0\u00bbimage\u00a0\u00bb bg_image=\u00a0\u00bb11567&Prime; bg_image_type=\u00a0\u00bbparallax\u00a0\u00bb color_overlay=\u00a0\u00bblight\u00a0\u00bb opacity_overlay=\u00a0\u00bb60&Prime; footer_feature=\u00a0\u00bbyes\u00a0\u00bb padding_top=\u00a0\u00bb150&Prime; padding_bottom=\u00a0\u00bb150&Prime; font_color=\u00a0\u00bb#000000&Prime; margin_bottom=\u00a0\u00bb0&Prime;][vc_column]<div class=\"grve-element grve-callout grve-animated-item grve-fadeIn block-call-out grve-btn-bottom\" style=\"\">  <div class=\"grve-callout-wrapper\"><h3 class=\"grve-callout-content grve-h3\">PASSEPORT POUR LE MONDE<\/h3>    <p class=\"grve-leader-text\">Passeport pour le Monde est n\u00e9 de la volont\u00e9 de faire d\u00e9couvrir ou red\u00e9couvrir une vari\u00e9t\u00e9 de destinations mondiales connues et m\u00e9connues au grand public gr\u00e2ce \u00e0 des films de voyage de haute qualit\u00e9.<\/p>  <\/div>  <div class=\"grve-button-wrapper\"><a href=\"\/fr\/nous-joindre\/\" class=\"grve-btn grve-btn-large grve-round grve-bg-primary-1 grve-bg-hover-primary-2\"><span><i class=\"fa fa-film\"><\/i>D\u00c9COUVRIR NOS FILMS<\/span><\/a>  <\/div><\/div>[\/vc_column][\/vc_row]<\/p>\n<!-- AddThis Advanced Settings generic via filter on the_content --><!-- AddThis Share Buttons generic via filter on the_content -->","protected":false},"excerpt":{"rendered":"<p>[vc_row section_type=\u00a0\u00bbfullwidth\u00a0\u00bb header_feature=\u00a0\u00bbyes\u00a0\u00bb padding_top=\u00a0\u00bb60&Prime; padding_bottom=\u00a0\u00bb60&Prime; margin_bottom=\u00a0\u00bb0&Prime; section_id=\u00a0\u00bbequipe-admin\u00a0\u00bb][vc_column][\/vc_column][\/vc_row][vc_row heading_color=\u00a0\u00bbdark\u00a0\u00bb bg_type=\u00a0\u00bbimage\u00a0\u00bb bg_image=\u00a0\u00bb11567&Prime; bg_image_type=\u00a0\u00bbparallax\u00a0\u00bb color_overlay=\u00a0\u00bblight\u00a0\u00bb opacity_overlay=\u00a0\u00bb60&Prime; footer_feature=\u00a0\u00bbyes\u00a0\u00bb padding_top=\u00a0\u00bb150&Prime; padding_bottom=\u00a0\u00bb150&Prime; font_color=\u00a0\u00bb#000000&Prime; margin_bottom=\u00a0\u00bb0&Prime;][vc_column][\/vc_column][\/vc_row]<!-- AddThis Advanced Settings generic via filter on get_the_excerpt --><!-- AddThis Share Buttons generic via filter on get_the_excerpt --><\/p>\n","protected":false},"author":32,"featured_media":11551,"parent":0,"menu_order":0,"comment_status":"closed","ping_status":"closed","template":"","meta":[],"_links":{"self":[{"href":"https:\/\/filmpttw.com\/fr\/wp-json\/wp\/v2\/pages\/11420"}],"collection":[{"href":"https:\/\/filmpttw.com\/fr\/wp-json\/wp\/v2\/pages"}],"about":[{"href":"https:\/\/filmpttw.com\/fr\/wp-json\/wp\/v2\/types\/page"}],"author":[{"embeddable":true,"href":"https:\/\/filmpttw.com\/fr\/wp-json\/wp\/v2\/users\/32"}],"replies":[{"embeddable":true,"href":"https:\/\/filmpttw.com\/fr\/wp-json\/wp\/v2\/comments?post=11420"}],"version-history":[{"count":26,"href":"https:\/\/filmpttw.com\/fr\/wp-json\/wp\/v2\/pages\/11420\/revisions"}],"predecessor-version":[{"id":12633,"href":"https:\/\/filmpttw.com\/fr\/wp-json\/wp\/v2\/pages\/11420\/revisions\/12633"}],"wp:featuredmedia":[{"embeddable":true,"href":"https:\/\/filmpttw.com\/fr\/wp-json\/wp\/v2\/media\/11551"}],"wp:attachment":[{"href":"https:\/\/filmpttw.com\/fr\/wp-json\/wp\/v2\/media?parent=11420"}],"curies":[{"name":"wp","href":"https:\/\/api.w.org\/{rel}","templated":true}]}}