{"id":11478,"date":"2019-01-21T14:20:21","date_gmt":"2019-01-21T19:20:21","guid":{"rendered":"http:\/\/pplm.mystagingwebsite.com\/?page_id=11478"},"modified":"2019-03-21T11:04:05","modified_gmt":"2019-03-21T16:04:05","slug":"choix-cinema","status":"publish","type":"page","link":"https:\/\/filmpttw.com\/fr\/choix-cinema\/","title":{"rendered":"Horaires &#8211; Cin\u00e9mas"},"content":{"rendered":"<p>[vc_row header_feature=\u00a0\u00bbyes\u00a0\u00bb padding_top=\u00a0\u00bb60&Prime; padding_bottom=\u00a0\u00bb0&Prime; margin_bottom=\u00a0\u00bb0&Prime;][vc_column][vc_custom_heading text=\u00a0\u00bbHoraires &#8211; Cin\u00e9mas\u00a0\u00bb font_container=\u00a0\u00bbtag:h2|text_align:center\u00a0\u00bb use_theme_fonts=\u00a0\u00bbyes\u00a0\u00bb][\/vc_column][\/vc_row][vc_row padding_bottom=\u00a0\u00bb0&Prime;][vc_column][vc_raw_html]JTVCY2luZW1hc190ZW1wbGF0ZSU1RA==[\/vc_raw_html][\/vc_column][\/vc_row][vc_row heading_color=\u00a0\u00bbdark\u00a0\u00bb bg_type=\u00a0\u00bbimage\u00a0\u00bb bg_image=\u00a0\u00bb11398&Prime; bg_image_type=\u00a0\u00bbparallax\u00a0\u00bb color_overlay=\u00a0\u00bblight\u00a0\u00bb opacity_overlay=\u00a0\u00bb60&Prime; footer_feature=\u00a0\u00bbyes\u00a0\u00bb padding_top=\u00a0\u00bb150&Prime; padding_bottom=\u00a0\u00bb150&Prime; font_color=\u00a0\u00bb#000000&Prime; margin_bottom=\u00a0\u00bb0&Prime;][vc_column]<div class=\"grve-element grve-callout grve-animated-item grve-fadeIn block-call-out grve-btn-bottom\" style=\"\">  <div class=\"grve-callout-wrapper\"><h3 class=\"grve-callout-content grve-h3\">PASSEPORT POUR LE MONDE<\/h3>    <p class=\"grve-leader-text\">Passeport pour le Monde est n\u00e9 de la volont\u00e9 de faire d\u00e9couvrir ou red\u00e9couvrir une vari\u00e9t\u00e9 de destinations mondiales connues et m\u00e9connues au grand public gr\u00e2ce \u00e0 des films de voyage de haute qualit\u00e9.<\/p>  <\/div>  <div class=\"grve-button-wrapper\"><a href=\"\/fr\/programmation\/\" class=\"grve-btn grve-btn-large grve-round grve-bg-primary-1 grve-bg-hover-primary-2\"><span><i class=\"smp-icon-envelope-letter\"><\/i>VOIR LA PROGRAMMATION<\/span><\/a>  <\/div><\/div>[\/vc_column][\/vc_row]<\/p>\n<!-- AddThis Advanced Settings generic via filter on the_content --><!-- AddThis Share Buttons generic via filter on the_content -->","protected":false},"excerpt":{"rendered":"<p>[vc_row header_feature=\u00a0\u00bbyes\u00a0\u00bb padding_top=\u00a0\u00bb60&Prime; padding_bottom=\u00a0\u00bb0&Prime; margin_bottom=\u00a0\u00bb0&Prime;][vc_column][vc_custom_heading text=\u00a0\u00bbHoraires &#8211; Cin\u00e9mas\u00a0\u00bb font_container=\u00a0\u00bbtag:h2|text_align:center\u00a0\u00bb use_theme_fonts=\u00a0\u00bbyes\u00a0\u00bb][\/vc_column][\/vc_row][vc_row padding_bottom=\u00a0\u00bb0&Prime;][vc_column][vc_raw_html]JTVCY2luZW1hc190ZW1wbGF0ZSU1RA==[\/vc_raw_html][\/vc_column][\/vc_row][vc_row heading_color=\u00a0\u00bbdark\u00a0\u00bb bg_type=\u00a0\u00bbimage\u00a0\u00bb bg_image=\u00a0\u00bb11398&Prime; bg_image_type=\u00a0\u00bbparallax\u00a0\u00bb color_overlay=\u00a0\u00bblight\u00a0\u00bb opacity_overlay=\u00a0\u00bb60&Prime; footer_feature=\u00a0\u00bbyes\u00a0\u00bb padding_top=\u00a0\u00bb150&Prime; padding_bottom=\u00a0\u00bb150&Prime; font_color=\u00a0\u00bb#000000&Prime; margin_bottom=\u00a0\u00bb0&Prime;][vc_column][\/vc_column][\/vc_row]<!-- AddThis Advanced Settings generic via filter on get_the_excerpt --><!-- AddThis Share Buttons generic via filter on get_the_excerpt --><\/p>\n","protected":false},"author":32,"featured_media":11695,"parent":0,"menu_order":0,"comment_status":"closed","ping_status":"closed","template":"","meta":[],"_links":{"self":[{"href":"https:\/\/filmpttw.com\/fr\/wp-json\/wp\/v2\/pages\/11478"}],"collection":[{"href":"https:\/\/filmpttw.com\/fr\/wp-json\/wp\/v2\/pages"}],"about":[{"href":"https:\/\/filmpttw.com\/fr\/wp-json\/wp\/v2\/types\/page"}],"author":[{"embeddable":true,"href":"https:\/\/filmpttw.com\/fr\/wp-json\/wp\/v2\/users\/32"}],"replies":[{"embeddable":true,"href":"https:\/\/filmpttw.com\/fr\/wp-json\/wp\/v2\/comments?post=11478"}],"version-history":[{"count":15,"href":"https:\/\/filmpttw.com\/fr\/wp-json\/wp\/v2\/pages\/11478\/revisions"}],"predecessor-version":[{"id":12632,"href":"https:\/\/filmpttw.com\/fr\/wp-json\/wp\/v2\/pages\/11478\/revisions\/12632"}],"wp:featuredmedia":[{"embeddable":true,"href":"https:\/\/filmpttw.com\/fr\/wp-json\/wp\/v2\/media\/11695"}],"wp:attachment":[{"href":"https:\/\/filmpttw.com\/fr\/wp-json\/wp\/v2\/media?parent=11478"}],"curies":[{"name":"wp","href":"https:\/\/api.w.org\/{rel}","templated":true}]}}